{"id":71,"date":"2026-03-09T15:30:34","date_gmt":"2026-03-09T14:30:34","guid":{"rendered":"https:\/\/www.alesruzicka.com\/?page_id=71"},"modified":"2026-03-13T14:47:18","modified_gmt":"2026-03-13T13:47:18","slug":"uvodni-stranka","status":"publish","type":"page","link":"https:\/\/www.alesruzicka.com\/","title":{"rendered":"\u00davodn\u00ed str\u00e1nka"},"content":{"rendered":"\n<div style=\"height:61px\" aria-hidden=\"true\" class=\"wp-block-spacer\"><\/div>\n\n\n\n<div class=\"alignnormal\"><div id=\"metaslider-id-212\" style=\"max-width: 600px; margin: 0 auto;\" class=\"ml-slider-3-106-0 metaslider metaslider-flex metaslider-212 ml-slider has-dots-nav ms-theme-default-base\" role=\"region\" aria-label=\"New Slideshow\" data-height=\"550\" data-width=\"600\">\n    <div id=\"metaslider_container_212\">\n        <div id=\"metaslider_212\">\n            <ul aria-live='off' class='slides'>\n                <li style=\"display: block; width: 100%;\" class=\"slide-214 ms-image \" aria-roledescription=\"slide\" data-date=\"2026-03-13 14:44:11\" data-filename=\"Vanitas-III-2024-akryl-na-platne-170-x-200-cm-scaled.jpg\" data-slide-type=\"image\"><img fetchpriority=\"high\" decoding=\"async\" width=\"2560\" height=\"2174\" src=\"https:\/\/www.alesruzicka.com\/wp-content\/uploads\/2026\/03\/Vanitas-III-2024-akryl-na-platne-170-x-200-cm-scaled.jpg\" class=\"slider-212 slide-214 msDefaultImage\" alt=\"\" rel=\"\" title=\"Vanitas III, 2024, akryl na pl\u00e1tn\u011b, 170 x 200 cm\" srcset=\"https:\/\/www.alesruzicka.com\/wp-content\/uploads\/2026\/03\/Vanitas-III-2024-akryl-na-platne-170-x-200-cm-scaled.jpg 2560w, https:\/\/www.alesruzicka.com\/wp-content\/uploads\/2026\/03\/Vanitas-III-2024-akryl-na-platne-170-x-200-cm-300x255.jpg 300w, https:\/\/www.alesruzicka.com\/wp-content\/uploads\/2026\/03\/Vanitas-III-2024-akryl-na-platne-170-x-200-cm-1024x870.jpg 1024w, https:\/\/www.alesruzicka.com\/wp-content\/uploads\/2026\/03\/Vanitas-III-2024-akryl-na-platne-170-x-200-cm-768x652.jpg 768w, https:\/\/www.alesruzicka.com\/wp-content\/uploads\/2026\/03\/Vanitas-III-2024-akryl-na-platne-170-x-200-cm-1536x1304.jpg 1536w, https:\/\/www.alesruzicka.com\/wp-content\/uploads\/2026\/03\/Vanitas-III-2024-akryl-na-platne-170-x-200-cm-2048x1739.jpg 2048w\" sizes=\"(max-width: 2560px) 100vw, 2560px\" \/><\/li>\n                <li style=\"display: none; width: 100%;\" class=\"slide-215 ms-image \" aria-roledescription=\"slide\" data-date=\"2026-03-13 14:44:29\" data-filename=\"Kufr-IV-2023-akryl-na-platne-170-x-200-cm-scaled.jpg\" data-slide-type=\"image\"><img decoding=\"async\" width=\"2288\" height=\"2560\" src=\"https:\/\/www.alesruzicka.com\/wp-content\/uploads\/2026\/03\/Kufr-IV-2023-akryl-na-platne-170-x-200-cm-scaled.jpg\" class=\"slider-212 slide-215 msDefaultImage\" alt=\"\" rel=\"\" title=\"Kufr IV, 2023, akryl na platne, 170 x 200 cm\" srcset=\"https:\/\/www.alesruzicka.com\/wp-content\/uploads\/2026\/03\/Kufr-IV-2023-akryl-na-platne-170-x-200-cm-scaled.jpg 2288w, https:\/\/www.alesruzicka.com\/wp-content\/uploads\/2026\/03\/Kufr-IV-2023-akryl-na-platne-170-x-200-cm-268x300.jpg 268w, https:\/\/www.alesruzicka.com\/wp-content\/uploads\/2026\/03\/Kufr-IV-2023-akryl-na-platne-170-x-200-cm-915x1024.jpg 915w, https:\/\/www.alesruzicka.com\/wp-content\/uploads\/2026\/03\/Kufr-IV-2023-akryl-na-platne-170-x-200-cm-768x859.jpg 768w, https:\/\/www.alesruzicka.com\/wp-content\/uploads\/2026\/03\/Kufr-IV-2023-akryl-na-platne-170-x-200-cm-1373x1536.jpg 1373w, https:\/\/www.alesruzicka.com\/wp-content\/uploads\/2026\/03\/Kufr-IV-2023-akryl-na-platne-170-x-200-cm-1830x2048.jpg 1830w\" sizes=\"(max-width: 2288px) 100vw, 2288px\" \/><\/li>\n                <li style=\"display: none; width: 100%;\" class=\"slide-217 ms-image \" aria-roledescription=\"slide\" data-date=\"2026-03-13 14:45:04\" data-filename=\"Z-cyklu-Stale-zive-III-2010-akryl-na-platne-40-x-40-cm-4.jpg\" data-slide-type=\"image\"><img decoding=\"async\" width=\"1772\" height=\"1768\" src=\"https:\/\/www.alesruzicka.com\/wp-content\/uploads\/2026\/03\/Z-cyklu-Stale-zive-III-2010-akryl-na-platne-40-x-40-cm-4.jpg\" class=\"slider-212 slide-217 msDefaultImage\" alt=\"\" rel=\"\" title=\"Z cyklu Stale zive III, 2010, akryl na platne, 40 x 40 cm (4)\" srcset=\"https:\/\/www.alesruzicka.com\/wp-content\/uploads\/2026\/03\/Z-cyklu-Stale-zive-III-2010-akryl-na-platne-40-x-40-cm-4.jpg 1772w, https:\/\/www.alesruzicka.com\/wp-content\/uploads\/2026\/03\/Z-cyklu-Stale-zive-III-2010-akryl-na-platne-40-x-40-cm-4-300x300.jpg 300w, https:\/\/www.alesruzicka.com\/wp-content\/uploads\/2026\/03\/Z-cyklu-Stale-zive-III-2010-akryl-na-platne-40-x-40-cm-4-1024x1022.jpg 1024w, https:\/\/www.alesruzicka.com\/wp-content\/uploads\/2026\/03\/Z-cyklu-Stale-zive-III-2010-akryl-na-platne-40-x-40-cm-4-150x150.jpg 150w, https:\/\/www.alesruzicka.com\/wp-content\/uploads\/2026\/03\/Z-cyklu-Stale-zive-III-2010-akryl-na-platne-40-x-40-cm-4-768x766.jpg 768w, https:\/\/www.alesruzicka.com\/wp-content\/uploads\/2026\/03\/Z-cyklu-Stale-zive-III-2010-akryl-na-platne-40-x-40-cm-4-1536x1533.jpg 1536w, https:\/\/www.alesruzicka.com\/wp-content\/uploads\/2026\/03\/Z-cyklu-Stale-zive-III-2010-akryl-na-platne-40-x-40-cm-4-400x400.jpg 400w\" sizes=\"(max-width: 1772px) 100vw, 1772px\" \/><\/li>\n                <li style=\"display: none; width: 100%;\" class=\"slide-213 ms-image \" aria-roledescription=\"slide\" data-date=\"2026-03-13 14:44:03\" data-filename=\"Brka-akryl-na-platne-200-x-140-cm-2010.jpg\" data-slide-type=\"image\"><img loading=\"lazy\" decoding=\"async\" width=\"1772\" height=\"2555\" src=\"https:\/\/www.alesruzicka.com\/wp-content\/uploads\/2026\/03\/Brka-akryl-na-platne-200-x-140-cm-2010.jpg\" class=\"slider-212 slide-213 msDefaultImage\" alt=\"\" rel=\"\" title=\"Brka, akryl na platne, 200 x 140 cm, 2010\" srcset=\"https:\/\/www.alesruzicka.com\/wp-content\/uploads\/2026\/03\/Brka-akryl-na-platne-200-x-140-cm-2010.jpg 1772w, https:\/\/www.alesruzicka.com\/wp-content\/uploads\/2026\/03\/Brka-akryl-na-platne-200-x-140-cm-2010-208x300.jpg 208w, https:\/\/www.alesruzicka.com\/wp-content\/uploads\/2026\/03\/Brka-akryl-na-platne-200-x-140-cm-2010-710x1024.jpg 710w, https:\/\/www.alesruzicka.com\/wp-content\/uploads\/2026\/03\/Brka-akryl-na-platne-200-x-140-cm-2010-768x1107.jpg 768w, https:\/\/www.alesruzicka.com\/wp-content\/uploads\/2026\/03\/Brka-akryl-na-platne-200-x-140-cm-2010-1065x1536.jpg 1065w, https:\/\/www.alesruzicka.com\/wp-content\/uploads\/2026\/03\/Brka-akryl-na-platne-200-x-140-cm-2010-1420x2048.jpg 1420w\" sizes=\"(max-width: 1772px) 100vw, 1772px\" \/><\/li>\n            <\/ul>\n        <\/div>\n        \n    <\/div>\n<\/div><\/div>\n","protected":false},"excerpt":{"rendered":"","protected":false},"author":1,"featured_media":0,"parent":0,"menu_order":0,"comment_status":"closed","ping_status":"closed","template":"","meta":{"site-sidebar-layout":"default","site-content-layout":"","ast-site-content-layout":"default","site-content-style":"default","site-sidebar-style":"default","ast-global-header-display":"","ast-banner-title-visibility":"","ast-main-header-display":"","ast-hfb-above-header-display":"","ast-hfb-below-header-display":"","ast-hfb-mobile-header-display":"","site-post-title":"disabled","ast-breadcrumbs-content":"","ast-featured-img":"","footer-sml-layout":"","ast-disable-related-posts":"","theme-transparent-header-meta":"","adv-header-id-meta":"","stick-header-meta":"","header-above-stick-meta":"","header-main-stick-meta":"","header-below-stick-meta":"","astra-migrate-meta-layouts":"default","ast-page-background-enabled":"default","ast-page-background-meta":{"desktop":{"background-color":"var(--ast-global-color-5)","background-image":"","background-repeat":"repeat","background-position":"center center","background-size":"auto","background-attachment":"scroll","background-type":"","background-media":"","overlay-type":"","overlay-color":"","overlay-opacity":"","overlay-gradient":""},"tablet":{"background-color":"","background-image":"","background-repeat":"repeat","background-position":"center center","background-size":"auto","background-attachment":"scroll","background-type":"","background-media":"","overlay-type":"","overlay-color":"","overlay-opacity":"","overlay-gradient":""},"mobile":{"background-color":"","background-image":"","background-repeat":"repeat","background-position":"center center","background-size":"auto","background-attachment":"scroll","background-type":"","background-media":"","overlay-type":"","overlay-color":"","overlay-opacity":"","overlay-gradient":""}},"ast-content-background-meta":{"desktop":{"background-color":"var(--ast-global-color-4)","background-image":"","background-repeat":"repeat","background-position":"center center","background-size":"auto","background-attachment":"scroll","background-type":"","background-media":"","overlay-type":"","overlay-color":"","overlay-opacity":"","overlay-gradient":""},"tablet":{"background-color":"var(--ast-global-color-4)","background-image":"","background-repeat":"repeat","background-position":"center center","background-size":"auto","background-attachment":"scroll","background-type":"","background-media":"","overlay-type":"","overlay-color":"","overlay-opacity":"","overlay-gradient":""},"mobile":{"background-color":"var(--ast-global-color-4)","background-image":"","background-repeat":"repeat","background-position":"center center","background-size":"auto","background-attachment":"scroll","background-type":"","background-media":"","overlay-type":"","overlay-color":"","overlay-opacity":"","overlay-gradient":""}},"footnotes":"","_links_to":"","_links_to_target":""},"class_list":["post-71","page","type-page","status-publish","hentry"],"_links":{"self":[{"href":"https:\/\/www.alesruzicka.com\/index.php?rest_route=\/wp\/v2\/pages\/71","targetHints":{"allow":["GET"]}}],"collection":[{"href":"https:\/\/www.alesruzicka.com\/index.php?rest_route=\/wp\/v2\/pages"}],"about":[{"href":"https:\/\/www.alesruzicka.com\/index.php?rest_route=\/wp\/v2\/types\/page"}],"author":[{"embeddable":true,"href":"https:\/\/www.alesruzicka.com\/index.php?rest_route=\/wp\/v2\/users\/1"}],"replies":[{"embeddable":true,"href":"https:\/\/www.alesruzicka.com\/index.php?rest_route=%2Fwp%2Fv2%2Fcomments&post=71"}],"version-history":[{"count":5,"href":"https:\/\/www.alesruzicka.com\/index.php?rest_route=\/wp\/v2\/pages\/71\/revisions"}],"predecessor-version":[{"id":222,"href":"https:\/\/www.alesruzicka.com\/index.php?rest_route=\/wp\/v2\/pages\/71\/revisions\/222"}],"wp:attachment":[{"href":"https:\/\/www.alesruzicka.com\/index.php?rest_route=%2Fwp%2Fv2%2Fmedia&parent=71"}],"curies":[{"name":"wp","href":"https:\/\/api.w.org\/{rel}","templated":true}]}}